{"id":599,"date":"2026-03-09T18:14:15","date_gmt":"2026-03-09T18:14:15","guid":{"rendered":"https:\/\/fleurons.cryodragon.pro\/commercants\/"},"modified":"2026-03-23T01:36:01","modified_gmt":"2026-03-23T01:36:01","slug":"commercants","status":"publish","type":"page","link":"https:\/\/fleurons.cryodragon.pro\/fr\/commercants\/","title":{"rendered":"Commer\u00e7ants"},"content":{"rendered":"\t\t<div data-elementor-type=\"wp-page\" data-elementor-id=\"599\" class=\"elementor elementor-599 elementor-294\" data-elementor-post-type=\"page\">\n\t\t\t\t<div class=\"elementor-element elementor-element-74c9d7d4 e-con-full e-flex e-con e-parent\" data-id=\"74c9d7d4\" data-element_type=\"container\" data-e-type=\"container\" data-settings=\"{&quot;background_background&quot;:&quot;classic&quot;}\">\n\t\t<div class=\"elementor-element elementor-element-1ca47470 e-con-full e-flex e-con e-child\" data-id=\"1ca47470\" data-element_type=\"container\" data-e-type=\"container\">\n\t\t\t\t<div class=\"elementor-element elementor-element-32221c5 elementor-widget elementor-widget-heading\" data-id=\"32221c5\" data-element_type=\"widget\" data-e-type=\"widget\" data-widget_type=\"heading.default\">\n\t\t\t\t\t<h1 class=\"elementor-heading-title elementor-size-default\">D\u00e9taillants Fleurons<\/h1>\t\t\t\t<\/div>\n\t\t\t\t<\/div>\n\t\t\t\t<\/div>\n\t\t<div class=\"elementor-element elementor-element-98c36c8 e-con-full e-flex e-con e-parent\" data-id=\"98c36c8\" data-element_type=\"container\" data-e-type=\"container\">\n\t\t<div class=\"elementor-element elementor-element-275d543e e-con-full e-flex e-con e-child\" data-id=\"275d543e\" data-element_type=\"container\" data-e-type=\"container\">\n\t\t\t\t<div class=\"elementor-element elementor-element-5806a5d7 elementor-widget elementor-widget-heading\" data-id=\"5806a5d7\" data-element_type=\"widget\" data-e-type=\"widget\" data-widget_type=\"heading.default\">\n\t\t\t\t\t<h2 class=\"elementor-heading-title elementor-size-default\">Trouver Fleurons au SQDC<\/h2>\t\t\t\t<\/div>\n\t\t\t\t<div class=\"elementor-element elementor-element-4dc78f79 elementor-widget elementor-widget-text-editor\" data-id=\"4dc78f79\" data-element_type=\"widget\" data-e-type=\"widget\" data-widget_type=\"text-editor.default\">\n\t\t\t\t\t\t\t\t\t<p data-start=\"251\" data-end=\"540\">Les produits Fleurons sont disponibles par le r\u00e9seau provincial de vente au d\u00e9tail g\u00e9r\u00e9 par la <span class=\"hover:entity-accent entity-underline inline cursor-pointer align-baseline\"><span class=\"whitespace-normal\">Soci\u00e9t\u00e9 qu\u00e9b\u00e9coise du cannabis<\/span><\/span> (SQDC). En tant que d\u00e9taillant officiel de cannabis au Qu\u00e9bec, le SQDC offre aux consommateurs un acc\u00e8s \u00e0 une s\u00e9lection soign\u00e9e de produits de cannabis de haute qualit\u00e9 \u00e0 travers la province.<\/p><p data-start=\"542\" data-end=\"738\">Nos collections \u2014 <a href=\"https:\/\/www.sqdc.ca\/fr-CA\/Magasins\" target=\"_blank\" rel=\"noopener\">comprenant<\/a> fleurs s\u00e9ch\u00e9es, hash, pr\u00e9-roul\u00e9s, cartouches de vape 510, teintures d\u2019huile de CBD et bandes sublinguales de THC \u2014 sont disponibles via la <a href=\"https:\/\/www.sqdc.ca\/fr-CA\/Rechercher?keywords=Fleurons\" target=\"_blank\" rel=\"noopener\">boutique en ligne et les sites physiques du SQDC<\/a>.<\/p><p data-start=\"740\" data-end=\"935\">Que vous recherchiez <strong data-start=\"768\" data-end=\"852\">le Menu Cantine, le Menu Dessert, le P\u00e9tard M\u00e9chant ou la Nuit du Maroc<\/strong>, vous pouvez d\u00e9couvrir les derni\u00e8res offres Fleurons directement via la plateforme SQDC.<\/p>\t\t\t\t\t\t\t\t<\/div>\n\t\t<div class=\"elementor-element elementor-element-b4c3fb7 e-con-full e-flex e-con e-child\" data-id=\"b4c3fb7\" data-element_type=\"container\" data-e-type=\"container\">\n\t\t\t\t<div class=\"elementor-element elementor-element-3fd3204 elementor-align-left elementor-widget elementor-widget-button\" data-id=\"3fd3204\" data-element_type=\"widget\" data-e-type=\"widget\" data-widget_type=\"button.default\">\n\t\t\t\t\t\t\t\t\t\t<a class=\"elementor-button elementor-button-link elementor-size-sm\" href=\"https:\/\/www.sqdc.ca\/fr-CA\/Rechercher?keywords=Fleurons\" target=\"_blank\">\n\t\t\t\t\t\t<span class=\"elementor-button-content-wrapper\">\n\t\t\t\t\t\t\t\t\t<span class=\"elementor-button-text\">Achetez nos produits chez SQDC<\/span>\n\t\t\t\t\t<\/span>\n\t\t\t\t\t<\/a>\n\t\t\t\t\t\t\t\t<\/div>\n\t\t\t\t<div class=\"elementor-element elementor-element-19d9a1c elementor-align-left elementor-widget elementor-widget-button\" data-id=\"19d9a1c\" data-element_type=\"widget\" data-e-type=\"widget\" data-widget_type=\"button.default\">\n\t\t\t\t\t\t\t\t\t\t<a class=\"elementor-button elementor-button-link elementor-size-sm\" href=\"https:\/\/www.sqdc.ca\/fr-CA\/Magasins\" target=\"_blank\">\n\t\t\t\t\t\t<span class=\"elementor-button-content-wrapper\">\n\t\t\t\t\t\t\t\t\t<span class=\"elementor-button-text\">Trouvez un magasin pr\u00e8s de chez vous<\/span>\n\t\t\t\t\t<\/span>\n\t\t\t\t\t<\/a>\n\t\t\t\t\t\t\t\t<\/div>\n\t\t\t\t<\/div>\n\t\t\t\t<\/div>\n\t\t\t\t<\/div>\n\t\t\t\t<\/div>\n\t\t","protected":false},"excerpt":{"rendered":"<p>D\u00e9taillants Fleurons Trouver Fleurons au SQDC Les produits Fleurons sont disponibles par le r\u00e9seau provincial de vente au d\u00e9tail g\u00e9r\u00e9 par la Soci\u00e9t\u00e9 qu\u00e9b\u00e9coise du cannabis (SQDC). En tant que d\u00e9taillant officiel de cannabis au Qu\u00e9bec, le SQDC offre aux consommateurs un acc\u00e8s \u00e0 une s\u00e9lection soign\u00e9e de produits de cannabis de haute qualit\u00e9 \u00e0 [&hellip;]<\/p>\n","protected":false},"author":1,"featured_media":0,"parent":0,"menu_order":0,"comment_status":"closed","ping_status":"closed","template":"","meta":{"_monsterinsights_skip_tracking":false,"_monsterinsights_sitenote_active":false,"_monsterinsights_sitenote_note":"","_monsterinsights_sitenote_category":0,"footnotes":""},"class_list":["post-599","page","type-page","status-publish","hentry"],"yoast_head":"<!-- This site is optimized with the Yoast SEO plugin v27.0 - https:\/\/yoast.com\/product\/yoast-seo-wordpress\/ -->\n<title>Commer\u00e7ants - Fleurons<\/title>\n<meta name=\"robots\" content=\"noindex, follow, max-snippet:-1, max-image-preview:large, max-video-preview:-1\" \/>\n<meta property=\"og:locale\" content=\"fr_FR\" \/>\n<meta property=\"og:type\" content=\"article\" \/>\n<meta property=\"og:title\" content=\"Commer\u00e7ants - Fleurons\" \/>\n<meta property=\"og:description\" content=\"D\u00e9taillants Fleurons Trouver Fleurons au SQDC Les produits Fleurons sont disponibles par le r\u00e9seau provincial de vente au d\u00e9tail g\u00e9r\u00e9 par la Soci\u00e9t\u00e9 qu\u00e9b\u00e9coise du cannabis (SQDC). En tant que d\u00e9taillant officiel de cannabis au Qu\u00e9bec, le SQDC offre aux consommateurs un acc\u00e8s \u00e0 une s\u00e9lection soign\u00e9e de produits de cannabis de haute qualit\u00e9 \u00e0 [&hellip;]\" \/>\n<meta property=\"og:url\" content=\"https:\/\/fleurons.cryodragon.pro\/fr\/commercants\/\" \/>\n<meta property=\"og:site_name\" content=\"Fleurons\" \/>\n<meta property=\"article:publisher\" content=\"https:\/\/www.facebook.com\/fleuronsC3\" \/>\n<meta property=\"article:modified_time\" content=\"2026-03-23T01:36:01+00:00\" \/>\n<meta name=\"twitter:card\" content=\"summary_large_image\" \/>\n<meta name=\"twitter:label1\" content=\"Dur\u00e9e de lecture estim\u00e9e\" \/>\n\t<meta name=\"twitter:data1\" content=\"1 minute\" \/>\n<script type=\"application\/ld+json\" class=\"yoast-schema-graph\">{\"@context\":\"https:\/\/schema.org\",\"@graph\":[{\"@type\":\"WebPage\",\"@id\":\"https:\/\/fleurons.cryodragon.pro\/fr\/commercants\/\",\"url\":\"https:\/\/fleurons.cryodragon.pro\/fr\/commercants\/\",\"name\":\"Commer\u00e7ants - Fleurons\",\"isPartOf\":{\"@id\":\"https:\/\/fleurons.cryodragon.pro\/fr\/#website\"},\"datePublished\":\"2026-03-09T18:14:15+00:00\",\"dateModified\":\"2026-03-23T01:36:01+00:00\",\"breadcrumb\":{\"@id\":\"https:\/\/fleurons.cryodragon.pro\/fr\/commercants\/#breadcrumb\"},\"inLanguage\":\"fr-FR\",\"potentialAction\":[{\"@type\":\"ReadAction\",\"target\":[\"https:\/\/fleurons.cryodragon.pro\/fr\/commercants\/\"]}]},{\"@type\":\"BreadcrumbList\",\"@id\":\"https:\/\/fleurons.cryodragon.pro\/fr\/commercants\/#breadcrumb\",\"itemListElement\":[{\"@type\":\"ListItem\",\"position\":1,\"name\":\"Home\",\"item\":\"https:\/\/fleurons.cryodragon.pro\/fr\/\"},{\"@type\":\"ListItem\",\"position\":2,\"name\":\"Commer\u00e7ants\"}]},{\"@type\":\"WebSite\",\"@id\":\"https:\/\/fleurons.cryodragon.pro\/fr\/#website\",\"url\":\"https:\/\/fleurons.cryodragon.pro\/fr\/\",\"name\":\"Fleurons\",\"description\":\"Cultiv&eacute; fi&egrave;rement au Qu&eacute;bec\",\"publisher\":{\"@id\":\"https:\/\/fleurons.cryodragon.pro\/fr\/#organization\"},\"potentialAction\":[{\"@type\":\"SearchAction\",\"target\":{\"@type\":\"EntryPoint\",\"urlTemplate\":\"https:\/\/fleurons.cryodragon.pro\/fr\/?s={search_term_string}\"},\"query-input\":{\"@type\":\"PropertyValueSpecification\",\"valueRequired\":true,\"valueName\":\"search_term_string\"}}],\"inLanguage\":\"fr-FR\"},{\"@type\":\"Organization\",\"@id\":\"https:\/\/fleurons.cryodragon.pro\/fr\/#organization\",\"name\":\"Fleurons\",\"url\":\"https:\/\/fleurons.cryodragon.pro\/fr\/\",\"logo\":{\"@type\":\"ImageObject\",\"inLanguage\":\"fr-FR\",\"@id\":\"https:\/\/fleurons.cryodragon.pro\/fr\/#\/schema\/logo\/image\/\",\"url\":\"https:\/\/fleurons.cryodragon.pro\/wp-content\/uploads\/2026\/02\/Fleurons_Logo_Teal-1-scaled.png\",\"contentUrl\":\"https:\/\/fleurons.cryodragon.pro\/wp-content\/uploads\/2026\/02\/Fleurons_Logo_Teal-1-scaled.png\",\"width\":2560,\"height\":616,\"caption\":\"Fleurons\"},\"image\":{\"@id\":\"https:\/\/fleurons.cryodragon.pro\/fr\/#\/schema\/logo\/image\/\"},\"sameAs\":[\"https:\/\/www.facebook.com\/fleuronsC3\",\"https:\/\/instagram.com\/fleurons.qc\"]}]}<\/script>\n<!-- \/ Yoast SEO plugin. -->","yoast_head_json":{"title":"Commer\u00e7ants - Fleurons","robots":{"index":"noindex","follow":"follow","max-snippet":"max-snippet:-1","max-image-preview":"max-image-preview:large","max-video-preview":"max-video-preview:-1"},"og_locale":"fr_FR","og_type":"article","og_title":"Commer\u00e7ants - Fleurons","og_description":"D\u00e9taillants Fleurons Trouver Fleurons au SQDC Les produits Fleurons sont disponibles par le r\u00e9seau provincial de vente au d\u00e9tail g\u00e9r\u00e9 par la Soci\u00e9t\u00e9 qu\u00e9b\u00e9coise du cannabis (SQDC). En tant que d\u00e9taillant officiel de cannabis au Qu\u00e9bec, le SQDC offre aux consommateurs un acc\u00e8s \u00e0 une s\u00e9lection soign\u00e9e de produits de cannabis de haute qualit\u00e9 \u00e0 [&hellip;]","og_url":"https:\/\/fleurons.cryodragon.pro\/fr\/commercants\/","og_site_name":"Fleurons","article_publisher":"https:\/\/www.facebook.com\/fleuronsC3","article_modified_time":"2026-03-23T01:36:01+00:00","twitter_card":"summary_large_image","twitter_misc":{"Dur\u00e9e de lecture estim\u00e9e":"1 minute"},"schema":{"@context":"https:\/\/schema.org","@graph":[{"@type":"WebPage","@id":"https:\/\/fleurons.cryodragon.pro\/fr\/commercants\/","url":"https:\/\/fleurons.cryodragon.pro\/fr\/commercants\/","name":"Commer\u00e7ants - Fleurons","isPartOf":{"@id":"https:\/\/fleurons.cryodragon.pro\/fr\/#website"},"datePublished":"2026-03-09T18:14:15+00:00","dateModified":"2026-03-23T01:36:01+00:00","breadcrumb":{"@id":"https:\/\/fleurons.cryodragon.pro\/fr\/commercants\/#breadcrumb"},"inLanguage":"fr-FR","potentialAction":[{"@type":"ReadAction","target":["https:\/\/fleurons.cryodragon.pro\/fr\/commercants\/"]}]},{"@type":"BreadcrumbList","@id":"https:\/\/fleurons.cryodragon.pro\/fr\/commercants\/#breadcrumb","itemListElement":[{"@type":"ListItem","position":1,"name":"Home","item":"https:\/\/fleurons.cryodragon.pro\/fr\/"},{"@type":"ListItem","position":2,"name":"Commer\u00e7ants"}]},{"@type":"WebSite","@id":"https:\/\/fleurons.cryodragon.pro\/fr\/#website","url":"https:\/\/fleurons.cryodragon.pro\/fr\/","name":"Fleurons","description":"Cultiv&eacute; fi&egrave;rement au Qu&eacute;bec","publisher":{"@id":"https:\/\/fleurons.cryodragon.pro\/fr\/#organization"},"potentialAction":[{"@type":"SearchAction","target":{"@type":"EntryPoint","urlTemplate":"https:\/\/fleurons.cryodragon.pro\/fr\/?s={search_term_string}"},"query-input":{"@type":"PropertyValueSpecification","valueRequired":true,"valueName":"search_term_string"}}],"inLanguage":"fr-FR"},{"@type":"Organization","@id":"https:\/\/fleurons.cryodragon.pro\/fr\/#organization","name":"Fleurons","url":"https:\/\/fleurons.cryodragon.pro\/fr\/","logo":{"@type":"ImageObject","inLanguage":"fr-FR","@id":"https:\/\/fleurons.cryodragon.pro\/fr\/#\/schema\/logo\/image\/","url":"https:\/\/fleurons.cryodragon.pro\/wp-content\/uploads\/2026\/02\/Fleurons_Logo_Teal-1-scaled.png","contentUrl":"https:\/\/fleurons.cryodragon.pro\/wp-content\/uploads\/2026\/02\/Fleurons_Logo_Teal-1-scaled.png","width":2560,"height":616,"caption":"Fleurons"},"image":{"@id":"https:\/\/fleurons.cryodragon.pro\/fr\/#\/schema\/logo\/image\/"},"sameAs":["https:\/\/www.facebook.com\/fleuronsC3","https:\/\/instagram.com\/fleurons.qc"]}]}},"_links":{"self":[{"href":"https:\/\/fleurons.cryodragon.pro\/fr\/wp-json\/wp\/v2\/pages\/599","targetHints":{"allow":["GET"]}}],"collection":[{"href":"https:\/\/fleurons.cryodragon.pro\/fr\/wp-json\/wp\/v2\/pages"}],"about":[{"href":"https:\/\/fleurons.cryodragon.pro\/fr\/wp-json\/wp\/v2\/types\/page"}],"author":[{"embeddable":true,"href":"https:\/\/fleurons.cryodragon.pro\/fr\/wp-json\/wp\/v2\/users\/1"}],"replies":[{"embeddable":true,"href":"https:\/\/fleurons.cryodragon.pro\/fr\/wp-json\/wp\/v2\/comments?post=599"}],"version-history":[{"count":6,"href":"https:\/\/fleurons.cryodragon.pro\/fr\/wp-json\/wp\/v2\/pages\/599\/revisions"}],"predecessor-version":[{"id":726,"href":"https:\/\/fleurons.cryodragon.pro\/fr\/wp-json\/wp\/v2\/pages\/599\/revisions\/726"}],"wp:attachment":[{"href":"https:\/\/fleurons.cryodragon.pro\/fr\/wp-json\/wp\/v2\/media?parent=599"}],"curies":[{"name":"wp","href":"https:\/\/api.w.org\/{rel}","templated":true}]}}