{"id":654,"date":"2026-03-09T18:14:34","date_gmt":"2026-03-09T18:14:34","guid":{"rendered":"https:\/\/fleurons.cryodragon.pro\/contact\/"},"modified":"2026-03-20T03:55:51","modified_gmt":"2026-03-20T03:55:51","slug":"contact","status":"publish","type":"page","link":"https:\/\/fleurons.cryodragon.pro\/fr\/contact\/","title":{"rendered":"Contact"},"content":{"rendered":"\t\t<div data-elementor-type=\"wp-page\" data-elementor-id=\"654\" class=\"elementor elementor-654 elementor-302\" data-elementor-post-type=\"page\">\n\t\t\t\t<div class=\"elementor-element elementor-element-e1e1266 e-con-full e-flex e-con e-parent\" data-id=\"e1e1266\" data-element_type=\"container\" data-e-type=\"container\" data-settings=\"{&quot;background_background&quot;:&quot;classic&quot;}\">\n\t\t<div class=\"elementor-element elementor-element-22e99d41 e-con-full e-flex e-con e-child\" data-id=\"22e99d41\" data-element_type=\"container\" data-e-type=\"container\">\n\t\t\t\t<div class=\"elementor-element elementor-element-1ba21d9 elementor-widget elementor-widget-heading\" data-id=\"1ba21d9\" data-element_type=\"widget\" data-e-type=\"widget\" data-widget_type=\"heading.default\">\n\t\t\t\t\t<h1 class=\"elementor-heading-title elementor-size-default\">Contact Fleurons<\/h1>\t\t\t\t<\/div>\n\t\t\t\t<\/div>\n\t\t\t\t<\/div>\n\t\t<div class=\"elementor-element elementor-element-52001e66 e-con-full e-flex e-con e-parent\" data-id=\"52001e66\" data-element_type=\"container\" data-e-type=\"container\">\n\t\t<div class=\"elementor-element elementor-element-7d6b854e e-con-full e-flex e-con e-child\" data-id=\"7d6b854e\" data-element_type=\"container\" data-e-type=\"container\">\n\t\t\t\t<div class=\"elementor-element elementor-element-12f72d18 elementor-widget elementor-widget-text-editor\" data-id=\"12f72d18\" data-element_type=\"widget\" data-e-type=\"widget\" data-widget_type=\"text-editor.default\">\n\t\t\t\t\t\t\t\t\t<p>Chez Fleurons, nous sommes fiers de cr\u00e9er des produits \u00e0 base de cannabis ancr\u00e9s dans l\u2019artisanat, la culture et la qualit\u00e9 qu\u00e9b\u00e9coises. Que vous ayez une question sur nos produits, souhaitiez en savoir plus sur nos collections ou cherchiez des informations sur la disponibilit\u00e9 via la <a href=\"https:\/\/www.sqdc.ca\/fr-CA\/Rechercher?keywords=Fleurons\" target=\"_blank\" rel=\"noopener\">Soci\u00e9t\u00e9 qu\u00e9b\u00e9coise du cannabis (SQDC<\/a>), notre \u00e9quipe est l\u00e0 pour vous aider.<\/p><p>Nous accueillons les demandes de la part des consommateurs, partenaires, d\u00e9taillants et m\u00e9dias. Si vous avez besoin d\u2019aide ou souhaitez en savoir plus sur Fleurons, veuillez nous contacter en utilisant les informations ci-dessous ou en remplissant le formulaire de contact.<\/p>\t\t\t\t\t\t\t\t<\/div>\n\t\t\t\t<\/div>\n\t\t\t\t<\/div>\n\t\t<div class=\"elementor-element elementor-element-379b243a e-con-full e-flex e-con e-parent\" data-id=\"379b243a\" data-element_type=\"container\" data-e-type=\"container\">\n\t\t<div class=\"elementor-element elementor-element-2da83dd9 e-con-full e-flex e-con e-child\" data-id=\"2da83dd9\" data-element_type=\"container\" data-e-type=\"container\">\n\t\t\t\t<div class=\"elementor-element elementor-element-d73abe0 elementor-widget elementor-widget-heading\" data-id=\"d73abe0\" data-element_type=\"widget\" data-e-type=\"widget\" data-widget_type=\"heading.default\">\n\t\t\t\t\t<h2 class=\"elementor-heading-title elementor-size-default\">Envoie-nous un message<\/h2>\t\t\t\t<\/div>\n\t\t\t\t<\/div>\n\t\t<div class=\"elementor-element elementor-element-158fcdaa e-con-full e-flex e-con e-child\" data-id=\"158fcdaa\" data-element_type=\"container\" data-e-type=\"container\">\n\t\t\t\t<div class=\"elementor-element elementor-element-16e312e8 elementor-widget elementor-widget-text-editor\" data-id=\"16e312e8\" data-element_type=\"widget\" data-e-type=\"widget\" data-widget_type=\"text-editor.default\">\n\t\t\t\t\t\t\t\t\t<p><div class=\"frm_forms  with_frm_style frm_style_formidable-style\" id=\"frm_form_1_container\" >\n<form enctype=\"multipart\/form-data\" method=\"post\" class=\"frm-show-form \" id=\"form_contact-form\" >\n<div class=\"frm_form_fields \">\n<fieldset>\n<legend class=\"frm_screen_reader\">Contact Us<\/legend>\r\n\r\n<div class=\"frm_fields_container\">\n<input type=\"hidden\" name=\"frm_action\" value=\"create\" \/>\n<input type=\"hidden\" name=\"form_id\" value=\"1\" \/>\n<input type=\"hidden\" name=\"frm_hide_fields_1\" id=\"frm_hide_fields_1\" value=\"\" \/>\n<input type=\"hidden\" name=\"form_key\" value=\"contact-form\" \/>\n<input type=\"hidden\" name=\"item_meta[0]\" value=\"\" \/>\n<input type=\"hidden\" id=\"frm_submit_entry_1\" name=\"frm_submit_entry_1\" value=\"4630119e47\" \/><input type=\"hidden\" name=\"_wp_http_referer\" value=\"\/fr\/wp-json\/wp\/v2\/pages\/654\" \/><div id=\"frm_field_1_container\" class=\"frm_form_field form-field  frm_required_field frm_top_container frm6 frm_first\">\r\n\t<label for=\"field_qh4icy\" id=\"field_qh4icy_label\" class=\"frm_primary_label\">Full Name\r\n\t\t<span class=\"frm_required\" aria-hidden=\"true\">*<\/span>\r\n\t<\/label>\r\n\t<input type=\"text\" id=\"field_qh4icy\" name=\"item_meta[1]\" value=\"\"  data-reqmsg=\"Full Name cannot be blank.\" aria-required=\"true\" data-invmsg=\"Full Name is invalid\" aria-invalid=\"false\"  \/>\r\n\t\r\n\t\r\n<\/div>\n<div id=\"frm_field_3_container\" class=\"frm_form_field form-field  frm_required_field frm_top_container frm6\">\r\n\t<label for=\"field_29yf4d\" id=\"field_29yf4d_label\" class=\"frm_primary_label\">Email\r\n\t\t<span class=\"frm_required\" aria-hidden=\"true\">*<\/span>\r\n\t<\/label>\r\n\t<input type=\"email\" id=\"field_29yf4d\" name=\"item_meta[3]\" value=\"\"  data-reqmsg=\"Email cannot be blank.\" aria-required=\"true\" data-invmsg=\"Please enter a valid email address\" aria-invalid=\"false\"  \/>\r\n\t\r\n\t\r\n<\/div>\n<div id=\"frm_field_7_container\" class=\"frm_form_field form-field  frm_required_field frm_top_container\">\r\n\t<label for=\"field_3sh7m\" id=\"field_3sh7m_label\" class=\"frm_primary_label\">What best describes you?\r\n\t\t<span class=\"frm_required\" aria-hidden=\"true\">*<\/span>\r\n\t<\/label>\r\n\t\t\t<select name=\"item_meta[7]\" id=\"field_3sh7m\"  data-reqmsg=\"What best describes you? cannot be blank.\" aria-required=\"true\" data-invmsg=\"What best describes you? is invalid\" aria-invalid=\"false\"  >\n\t\t<option  value=\"B2B Partner\">B2B Partner<\/option><option  value=\"Consumer\">Consumer<\/option><option  value=\"Investor\">Investor<\/option><option  value=\"Retailer\">Retailer<\/option>\t<\/select>\n\t\r\n\t\r\n\t\r\n<\/div>\n<div id=\"frm_field_5_container\" class=\"frm_form_field form-field  frm_required_field frm_top_container frm_full\">\r\n\t<label for=\"field_9jv0r1\" id=\"field_9jv0r1_label\" class=\"frm_primary_label\">Message\r\n\t\t<span class=\"frm_required\" aria-hidden=\"true\">*<\/span>\r\n\t<\/label>\r\n\t<textarea name=\"item_meta[5]\" id=\"field_9jv0r1\" rows=\"3\"  data-reqmsg=\"Message cannot be blank.\" aria-required=\"true\" data-invmsg=\"Message est non valide\" aria-invalid=\"false\"  ><\/textarea>\r\n\t\r\n\t\r\n<\/div>\n<div id=\"frm_field_6_container\" class=\"frm_form_field form-field  frm12\">\r\n\t<div class=\"frm_submit frm_flex\">\r\n<button class=\"frm_button_submit\" type=\"submit\"  >Submit<\/button>\r\n\r\n\r\n\r\n<\/div>\r\n<\/div>\n\t<input type=\"hidden\" name=\"item_key\" value=\"\" \/>\n\t\t\t<div id=\"frm_field_8_container\">\n\t\t\t<label for=\"field_tgzl\" >\n\t\t\t\tSi vous \u00eates un humain, ne remplissez pas ce champ.\t\t\t<\/label>\n\t\t\t<input  id=\"field_tgzl\" type=\"text\" class=\"frm_form_field form-field frm_verify\" name=\"item_meta[8]\" value=\"\"  \/>\n\t\t<\/div>\n\t\t<input name=\"frm_state\" type=\"hidden\" value=\"7W5tP627eAJqGIGshd+EjwlBwNVuVMbH3LCPgDBX5R0=\" \/><\/div>\n<\/fieldset>\n<\/div>\n\n<\/form>\n<\/div>\n<\/p>\t\t\t\t\t\t\t\t<\/div>\n\t\t\t\t<\/div>\n\t\t\t\t<\/div>\n\t\t\t\t<\/div>\n\t\t","protected":false},"excerpt":{"rendered":"<p>Contact Fleurons Chez Fleurons, nous sommes fiers de cr\u00e9er des produits \u00e0 base de cannabis ancr\u00e9s dans l\u2019artisanat, la culture et la qualit\u00e9 qu\u00e9b\u00e9coises. Que vous ayez une question sur nos produits, souhaitiez en savoir plus sur nos collections ou cherchiez des informations sur la disponibilit\u00e9 via la Soci\u00e9t\u00e9 qu\u00e9b\u00e9coise du cannabis (SQDC), notre \u00e9quipe [&hellip;]<\/p>\n","protected":false},"author":1,"featured_media":0,"parent":0,"menu_order":0,"comment_status":"closed","ping_status":"closed","template":"","meta":{"_monsterinsights_skip_tracking":false,"_monsterinsights_sitenote_active":false,"_monsterinsights_sitenote_note":"","_monsterinsights_sitenote_category":0,"footnotes":""},"class_list":["post-654","page","type-page","status-publish","hentry"],"yoast_head":"<!-- This site is optimized with the Yoast SEO plugin v27.0 - https:\/\/yoast.com\/product\/yoast-seo-wordpress\/ -->\n<title>Contact - Fleurons<\/title>\n<meta name=\"robots\" content=\"noindex, follow, max-snippet:-1, max-image-preview:large, max-video-preview:-1\" \/>\n<meta property=\"og:locale\" content=\"fr_FR\" \/>\n<meta property=\"og:type\" content=\"article\" \/>\n<meta property=\"og:title\" content=\"Contact - Fleurons\" \/>\n<meta property=\"og:description\" content=\"Contact Fleurons Chez Fleurons, nous sommes fiers de cr\u00e9er des produits \u00e0 base de cannabis ancr\u00e9s dans l\u2019artisanat, la culture et la qualit\u00e9 qu\u00e9b\u00e9coises. Que vous ayez une question sur nos produits, souhaitiez en savoir plus sur nos collections ou cherchiez des informations sur la disponibilit\u00e9 via la Soci\u00e9t\u00e9 qu\u00e9b\u00e9coise du cannabis (SQDC), notre \u00e9quipe [&hellip;]\" \/>\n<meta property=\"og:url\" content=\"https:\/\/fleurons.cryodragon.pro\/fr\/contact\/\" \/>\n<meta property=\"og:site_name\" content=\"Fleurons\" \/>\n<meta property=\"article:publisher\" content=\"https:\/\/www.facebook.com\/fleuronsC3\" \/>\n<meta property=\"article:modified_time\" content=\"2026-03-20T03:55:51+00:00\" \/>\n<meta name=\"twitter:card\" content=\"summary_large_image\" \/>\n<meta name=\"twitter:label1\" content=\"Dur\u00e9e de lecture estim\u00e9e\" \/>\n\t<meta name=\"twitter:data1\" content=\"1 minute\" \/>\n<script type=\"application\/ld+json\" class=\"yoast-schema-graph\">{\"@context\":\"https:\/\/schema.org\",\"@graph\":[{\"@type\":\"WebPage\",\"@id\":\"https:\/\/fleurons.cryodragon.pro\/fr\/contact\/\",\"url\":\"https:\/\/fleurons.cryodragon.pro\/fr\/contact\/\",\"name\":\"Contact - Fleurons\",\"isPartOf\":{\"@id\":\"https:\/\/fleurons.cryodragon.pro\/fr\/#website\"},\"datePublished\":\"2026-03-09T18:14:34+00:00\",\"dateModified\":\"2026-03-20T03:55:51+00:00\",\"breadcrumb\":{\"@id\":\"https:\/\/fleurons.cryodragon.pro\/fr\/contact\/#breadcrumb\"},\"inLanguage\":\"fr-FR\",\"potentialAction\":[{\"@type\":\"ReadAction\",\"target\":[\"https:\/\/fleurons.cryodragon.pro\/fr\/contact\/\"]}]},{\"@type\":\"BreadcrumbList\",\"@id\":\"https:\/\/fleurons.cryodragon.pro\/fr\/contact\/#breadcrumb\",\"itemListElement\":[{\"@type\":\"ListItem\",\"position\":1,\"name\":\"Home\",\"item\":\"https:\/\/fleurons.cryodragon.pro\/fr\/\"},{\"@type\":\"ListItem\",\"position\":2,\"name\":\"Contact\"}]},{\"@type\":\"WebSite\",\"@id\":\"https:\/\/fleurons.cryodragon.pro\/fr\/#website\",\"url\":\"https:\/\/fleurons.cryodragon.pro\/fr\/\",\"name\":\"Fleurons\",\"description\":\"Cultiv&eacute; fi&egrave;rement au Qu&eacute;bec\",\"publisher\":{\"@id\":\"https:\/\/fleurons.cryodragon.pro\/fr\/#organization\"},\"potentialAction\":[{\"@type\":\"SearchAction\",\"target\":{\"@type\":\"EntryPoint\",\"urlTemplate\":\"https:\/\/fleurons.cryodragon.pro\/fr\/?s={search_term_string}\"},\"query-input\":{\"@type\":\"PropertyValueSpecification\",\"valueRequired\":true,\"valueName\":\"search_term_string\"}}],\"inLanguage\":\"fr-FR\"},{\"@type\":\"Organization\",\"@id\":\"https:\/\/fleurons.cryodragon.pro\/fr\/#organization\",\"name\":\"Fleurons\",\"url\":\"https:\/\/fleurons.cryodragon.pro\/fr\/\",\"logo\":{\"@type\":\"ImageObject\",\"inLanguage\":\"fr-FR\",\"@id\":\"https:\/\/fleurons.cryodragon.pro\/fr\/#\/schema\/logo\/image\/\",\"url\":\"https:\/\/fleurons.cryodragon.pro\/wp-content\/uploads\/2026\/02\/Fleurons_Logo_Teal-1-scaled.png\",\"contentUrl\":\"https:\/\/fleurons.cryodragon.pro\/wp-content\/uploads\/2026\/02\/Fleurons_Logo_Teal-1-scaled.png\",\"width\":2560,\"height\":616,\"caption\":\"Fleurons\"},\"image\":{\"@id\":\"https:\/\/fleurons.cryodragon.pro\/fr\/#\/schema\/logo\/image\/\"},\"sameAs\":[\"https:\/\/www.facebook.com\/fleuronsC3\",\"https:\/\/instagram.com\/fleurons.qc\"]}]}<\/script>\n<!-- \/ Yoast SEO plugin. -->","yoast_head_json":{"title":"Contact - Fleurons","robots":{"index":"noindex","follow":"follow","max-snippet":"max-snippet:-1","max-image-preview":"max-image-preview:large","max-video-preview":"max-video-preview:-1"},"og_locale":"fr_FR","og_type":"article","og_title":"Contact - Fleurons","og_description":"Contact Fleurons Chez Fleurons, nous sommes fiers de cr\u00e9er des produits \u00e0 base de cannabis ancr\u00e9s dans l\u2019artisanat, la culture et la qualit\u00e9 qu\u00e9b\u00e9coises. Que vous ayez une question sur nos produits, souhaitiez en savoir plus sur nos collections ou cherchiez des informations sur la disponibilit\u00e9 via la Soci\u00e9t\u00e9 qu\u00e9b\u00e9coise du cannabis (SQDC), notre \u00e9quipe [&hellip;]","og_url":"https:\/\/fleurons.cryodragon.pro\/fr\/contact\/","og_site_name":"Fleurons","article_publisher":"https:\/\/www.facebook.com\/fleuronsC3","article_modified_time":"2026-03-20T03:55:51+00:00","twitter_card":"summary_large_image","twitter_misc":{"Dur\u00e9e de lecture estim\u00e9e":"1 minute"},"schema":{"@context":"https:\/\/schema.org","@graph":[{"@type":"WebPage","@id":"https:\/\/fleurons.cryodragon.pro\/fr\/contact\/","url":"https:\/\/fleurons.cryodragon.pro\/fr\/contact\/","name":"Contact - Fleurons","isPartOf":{"@id":"https:\/\/fleurons.cryodragon.pro\/fr\/#website"},"datePublished":"2026-03-09T18:14:34+00:00","dateModified":"2026-03-20T03:55:51+00:00","breadcrumb":{"@id":"https:\/\/fleurons.cryodragon.pro\/fr\/contact\/#breadcrumb"},"inLanguage":"fr-FR","potentialAction":[{"@type":"ReadAction","target":["https:\/\/fleurons.cryodragon.pro\/fr\/contact\/"]}]},{"@type":"BreadcrumbList","@id":"https:\/\/fleurons.cryodragon.pro\/fr\/contact\/#breadcrumb","itemListElement":[{"@type":"ListItem","position":1,"name":"Home","item":"https:\/\/fleurons.cryodragon.pro\/fr\/"},{"@type":"ListItem","position":2,"name":"Contact"}]},{"@type":"WebSite","@id":"https:\/\/fleurons.cryodragon.pro\/fr\/#website","url":"https:\/\/fleurons.cryodragon.pro\/fr\/","name":"Fleurons","description":"Cultiv&eacute; fi&egrave;rement au Qu&eacute;bec","publisher":{"@id":"https:\/\/fleurons.cryodragon.pro\/fr\/#organization"},"potentialAction":[{"@type":"SearchAction","target":{"@type":"EntryPoint","urlTemplate":"https:\/\/fleurons.cryodragon.pro\/fr\/?s={search_term_string}"},"query-input":{"@type":"PropertyValueSpecification","valueRequired":true,"valueName":"search_term_string"}}],"inLanguage":"fr-FR"},{"@type":"Organization","@id":"https:\/\/fleurons.cryodragon.pro\/fr\/#organization","name":"Fleurons","url":"https:\/\/fleurons.cryodragon.pro\/fr\/","logo":{"@type":"ImageObject","inLanguage":"fr-FR","@id":"https:\/\/fleurons.cryodragon.pro\/fr\/#\/schema\/logo\/image\/","url":"https:\/\/fleurons.cryodragon.pro\/wp-content\/uploads\/2026\/02\/Fleurons_Logo_Teal-1-scaled.png","contentUrl":"https:\/\/fleurons.cryodragon.pro\/wp-content\/uploads\/2026\/02\/Fleurons_Logo_Teal-1-scaled.png","width":2560,"height":616,"caption":"Fleurons"},"image":{"@id":"https:\/\/fleurons.cryodragon.pro\/fr\/#\/schema\/logo\/image\/"},"sameAs":["https:\/\/www.facebook.com\/fleuronsC3","https:\/\/instagram.com\/fleurons.qc"]}]}},"_links":{"self":[{"href":"https:\/\/fleurons.cryodragon.pro\/fr\/wp-json\/wp\/v2\/pages\/654","targetHints":{"allow":["GET"]}}],"collection":[{"href":"https:\/\/fleurons.cryodragon.pro\/fr\/wp-json\/wp\/v2\/pages"}],"about":[{"href":"https:\/\/fleurons.cryodragon.pro\/fr\/wp-json\/wp\/v2\/types\/page"}],"author":[{"embeddable":true,"href":"https:\/\/fleurons.cryodragon.pro\/fr\/wp-json\/wp\/v2\/users\/1"}],"replies":[{"embeddable":true,"href":"https:\/\/fleurons.cryodragon.pro\/fr\/wp-json\/wp\/v2\/comments?post=654"}],"version-history":[{"count":4,"href":"https:\/\/fleurons.cryodragon.pro\/fr\/wp-json\/wp\/v2\/pages\/654\/revisions"}],"predecessor-version":[{"id":678,"href":"https:\/\/fleurons.cryodragon.pro\/fr\/wp-json\/wp\/v2\/pages\/654\/revisions\/678"}],"wp:attachment":[{"href":"https:\/\/fleurons.cryodragon.pro\/fr\/wp-json\/wp\/v2\/media?parent=654"}],"curies":[{"name":"wp","href":"https:\/\/api.w.org\/{rel}","templated":true}]}}